{"id":1320,"date":"2022-09-06T14:41:13","date_gmt":"2022-09-06T12:41:13","guid":{"rendered":"https:\/\/www.freccia.com\/?page_id=1320"},"modified":"2026-03-06T19:05:38","modified_gmt":"2026-03-06T18:05:38","slug":"events","status":"publish","type":"page","link":"https:\/\/www.freccia.com\/en\/events\/","title":{"rendered":"Events"},"content":{"rendered":"\n<div class=\"wp-block-cover alignfull\" style=\"min-height:1px;aspect-ratio:unset;\"><img loading=\"lazy\" decoding=\"async\" width=\"1024\" height=\"600\" class=\"wp-block-cover__image-background wp-image-103\" alt=\"\" src=\"https:\/\/www.freccia.com\/wp-content\/uploads\/sites\/63\/2022\/08\/bg-prodotti.png\" data-object-fit=\"cover\" srcset=\"https:\/\/www.freccia.com\/wp-content\/uploads\/sites\/63\/2022\/08\/bg-prodotti.png 1024w, https:\/\/www.freccia.com\/wp-content\/uploads\/sites\/63\/2022\/08\/bg-prodotti-600x352.png 600w, https:\/\/www.freccia.com\/wp-content\/uploads\/sites\/63\/2022\/08\/bg-prodotti-768x450.png 768w\" sizes=\"auto, (max-width: 1024px) 100vw, 1024px\" \/><span aria-hidden=\"true\" class=\"wp-block-cover__background has-background-dim-90 has-background-dim\" style=\"background-color:#002891\"><\/span><div class=\"wp-block-cover__inner-container is-layout-flow wp-block-cover-is-layout-flow\">\n<div style=\"height:50px\" aria-hidden=\"true\" class=\"wp-block-spacer\"><\/div>\n\n\n\n<h2 class=\"wp-block-heading has-text-align-center has-white-color has-text-color\" style=\"text-transform:uppercase\">Events<\/h2>\n\n\n\n<div style=\"height:50px\" aria-hidden=\"true\" class=\"wp-block-spacer\"><\/div>\n<\/div><\/div>\n\n\n\n<div style=\"height:100px\" aria-hidden=\"true\" class=\"wp-block-spacer\"><\/div>\n\n\n\n<p class=\"has-text-align-center\">FRECCIA travels all around the world presenting its products and services during best trade fairs of the industry.<br>These are the next appointments for meeting with our representatives.<\/p>\n\n\n\n<div style=\"height:50px\" aria-hidden=\"true\" class=\"wp-block-spacer\"><\/div>\n\n\n\n<h3 class=\"wp-block-heading has-text-align-center\" style=\"text-transform:uppercase\">Upcoming Events<\/h3>\n\n\n\n<div class=\"wp-block-columns are-vertically-aligned-center is-layout-flex wp-container-core-columns-is-layout-9d6595d7 wp-block-columns-is-layout-flex\">\n<div class=\"wp-block-column is-vertically-aligned-center is-layout-flow wp-block-column-is-layout-flow\">\n<figure class=\"wp-block-image size-full\"><img loading=\"lazy\" decoding=\"async\" width=\"1024\" height=\"574\" src=\"https:\/\/www.freccia.com\/wp-content\/uploads\/sites\/63\/2026\/03\/STAND-ISTANBUL.png\" alt=\"\" class=\"wp-image-2497\" srcset=\"https:\/\/www.freccia.com\/wp-content\/uploads\/sites\/63\/2026\/03\/STAND-ISTANBUL.png 1024w, https:\/\/www.freccia.com\/wp-content\/uploads\/sites\/63\/2026\/03\/STAND-ISTANBUL-600x336.png 600w, https:\/\/www.freccia.com\/wp-content\/uploads\/sites\/63\/2026\/03\/STAND-ISTANBUL-768x431.png 768w\" sizes=\"auto, (max-width: 1024px) 100vw, 1024px\" \/><\/figure>\n<\/div>\n\n\n\n<div class=\"wp-block-column is-vertically-aligned-center is-layout-flow wp-block-column-is-layout-flow\">\n<h5 class=\"wp-block-heading\" style=\"text-transform:uppercase\"><strong><strong><strong>AUTOMECHANIKA ISTANBUL 2026<\/strong><\/strong><\/strong><\/h5>\n\n\n\n<p><strong>When: May 19-22 2026<br>Where: B\u00dcY\u00dcK\u00c7EKMECE \u2013 TUYAP FUAR VE KONGRE MERKEZI, ISTANBUL, TURKEY<br>Hall: HALL 7 \u2013 STAND A109<\/strong><\/p>\n\n\n\n<p>The leading automotive aftermarket event for Eurasia.\nExplore the latest innovations in the automotive industry at Automechanika Istanbul 2026.<\/p>\n<\/div>\n<\/div>\n\n\n\n<div style=\"height:100px\" aria-hidden=\"true\" class=\"wp-block-spacer\"><\/div>\n\n\n\n<h3 class=\"wp-block-heading has-text-align-center\" style=\"text-transform:uppercase\">Past EVENTS<\/h3>\n\n\n\n<div class=\"wp-block-columns are-vertically-aligned-center is-layout-flex wp-container-core-columns-is-layout-9d6595d7 wp-block-columns-is-layout-flex\">\n<div class=\"wp-block-column is-vertically-aligned-center is-layout-flow wp-block-column-is-layout-flow\">\n<figure class=\"wp-block-image size-full\"><img loading=\"lazy\" decoding=\"async\" width=\"1024\" height=\"573\" src=\"https:\/\/www.freccia.com\/wp-content\/uploads\/sites\/63\/2025\/04\/IMMAGINE-FINALE-STAND-ISTANBUL.jpg\" alt=\"\" class=\"wp-image-2292\" srcset=\"https:\/\/www.freccia.com\/wp-content\/uploads\/sites\/63\/2025\/04\/IMMAGINE-FINALE-STAND-ISTANBUL.jpg 1024w, https:\/\/www.freccia.com\/wp-content\/uploads\/sites\/63\/2025\/04\/IMMAGINE-FINALE-STAND-ISTANBUL-600x336.jpg 600w, https:\/\/www.freccia.com\/wp-content\/uploads\/sites\/63\/2025\/04\/IMMAGINE-FINALE-STAND-ISTANBUL-768x430.jpg 768w\" sizes=\"auto, (max-width: 1024px) 100vw, 1024px\" \/><\/figure>\n<\/div>\n\n\n\n<div class=\"wp-block-column is-vertically-aligned-center is-layout-flow wp-block-column-is-layout-flow\">\n<h5 class=\"wp-block-heading\" style=\"text-transform:uppercase\"><strong><strong>AUTOMECHANIKA ISTANBUL 2025<\/strong><\/strong><\/h5>\n\n\n\n<p><strong>When: 12-15 JUNE 2025<br>Where: B\u00dcY\u00dcK\u00c7EKMECE \u2013 TUYAP FUAR VE KONGRE MERKEZI, ISTANBUL, TURCHIA<br><strong><strong>Booth<\/strong><\/strong>: HALL 7 \u2013 STAND A109<\/strong><\/p>\n\n\n\n<p>The most important automotive aftermarket event for Eurasia.<br>Explore the latest innovations of the automotive industry at Automechanika Istanbul 2025.<\/p>\n<\/div>\n<\/div>\n\n\n\n<div class=\"wp-block-columns are-vertically-aligned-center is-layout-flex wp-container-core-columns-is-layout-9d6595d7 wp-block-columns-is-layout-flex\">\n<div class=\"wp-block-column is-vertically-aligned-center is-layout-flow wp-block-column-is-layout-flow\">\n<figure class=\"wp-block-image size-full\"><img loading=\"lazy\" decoding=\"async\" width=\"1024\" height=\"535\" src=\"https:\/\/www.freccia.com\/wp-content\/uploads\/sites\/63\/2025\/03\/FOTO-STAND-BOLOGNA.png\" alt=\"\" class=\"wp-image-2274\" srcset=\"https:\/\/www.freccia.com\/wp-content\/uploads\/sites\/63\/2025\/03\/FOTO-STAND-BOLOGNA.png 1024w, https:\/\/www.freccia.com\/wp-content\/uploads\/sites\/63\/2025\/03\/FOTO-STAND-BOLOGNA-600x313.png 600w, https:\/\/www.freccia.com\/wp-content\/uploads\/sites\/63\/2025\/03\/FOTO-STAND-BOLOGNA-768x401.png 768w\" sizes=\"auto, (max-width: 1024px) 100vw, 1024px\" \/><\/figure>\n<\/div>\n\n\n\n<div class=\"wp-block-column is-vertically-aligned-center is-layout-flow wp-block-column-is-layout-flow\">\n<h5 class=\"wp-block-heading\" style=\"text-transform:uppercase\"><strong>AUTOPROMOTEC BOLOGNA 2025<\/strong><\/h5>\n\n\n\n<p><strong>When: 21-24 MAY 2025<br>Where: FIERA DI BOLOGNA, Piazza della Costituzione 5, 40128 Bologna BO.<br><strong>Booth<\/strong>: HALL 16 \u2013 STAND D6<\/strong><\/p>\n\n\n\n<p>30<sup>th<\/sup> International Biennial of Automotive Equipment and Aftermarket<\/p>\n<\/div>\n<\/div>\n\n\n\n<div class=\"wp-block-columns are-vertically-aligned-center is-layout-flex wp-container-core-columns-is-layout-9d6595d7 wp-block-columns-is-layout-flex\">\n<div class=\"wp-block-column is-vertically-aligned-center is-layout-flow wp-block-column-is-layout-flow\">\n<figure class=\"wp-block-image size-full\"><img loading=\"lazy\" decoding=\"async\" width=\"1024\" height=\"631\" src=\"https:\/\/www.freccia.com\/wp-content\/uploads\/sites\/63\/2024\/04\/FOTO-STAND-FRANCOFORTE-2024.jpg\" alt=\"\" class=\"wp-image-2117\" srcset=\"https:\/\/www.freccia.com\/wp-content\/uploads\/sites\/63\/2024\/04\/FOTO-STAND-FRANCOFORTE-2024.jpg 1024w, https:\/\/www.freccia.com\/wp-content\/uploads\/sites\/63\/2024\/04\/FOTO-STAND-FRANCOFORTE-2024-600x370.jpg 600w, https:\/\/www.freccia.com\/wp-content\/uploads\/sites\/63\/2024\/04\/FOTO-STAND-FRANCOFORTE-2024-768x473.jpg 768w\" sizes=\"auto, (max-width: 1024px) 100vw, 1024px\" \/><\/figure>\n<\/div>\n\n\n\n<div class=\"wp-block-column is-vertically-aligned-center is-layout-flow wp-block-column-is-layout-flow\">\n<h5 class=\"wp-block-heading\" style=\"text-transform:uppercase\">AUTOMECHANIKA FRANKFURT 2024<\/h5>\n\n\n\n<p><strong>When: from September 10th to September 14th, 2024<br>Where: LUDWIG-ERHARD-ANLAGE 1, 60327 FRANKFURT AM MAIN, GERMANIA<br>Booth: HALL 5 \u2013 STAND C50<\/strong><\/p>\n\n\n\n<p>Discover the latest developments in the automotive industry at Automechanika Frankfurt 2024! Join us from September 10th to 14th at booth HALL 5 \u2013 STAND C50<\/p>\n<\/div>\n<\/div>\n\n\n\n<div class=\"wp-block-columns are-vertically-aligned-center is-layout-flex wp-container-core-columns-is-layout-9d6595d7 wp-block-columns-is-layout-flex\">\n<div class=\"wp-block-column is-vertically-aligned-center is-layout-flow wp-block-column-is-layout-flow\">\n<figure class=\"wp-block-image size-full\"><img loading=\"lazy\" decoding=\"async\" width=\"1024\" height=\"577\" src=\"https:\/\/www.freccia.com\/wp-content\/uploads\/sites\/63\/2024\/04\/FOTO-STAND-ISTANBUL-2024.jpg\" alt=\"\" class=\"wp-image-2115\" srcset=\"https:\/\/www.freccia.com\/wp-content\/uploads\/sites\/63\/2024\/04\/FOTO-STAND-ISTANBUL-2024.jpg 1024w, https:\/\/www.freccia.com\/wp-content\/uploads\/sites\/63\/2024\/04\/FOTO-STAND-ISTANBUL-2024-600x338.jpg 600w, https:\/\/www.freccia.com\/wp-content\/uploads\/sites\/63\/2024\/04\/FOTO-STAND-ISTANBUL-2024-768x433.jpg 768w\" sizes=\"auto, (max-width: 1024px) 100vw, 1024px\" \/><\/figure>\n<\/div>\n\n\n\n<div class=\"wp-block-column is-vertically-aligned-center is-layout-flow wp-block-column-is-layout-flow\">\n<h5 class=\"wp-block-heading\" style=\"text-transform:uppercase\">AUTOMECHANIKA ISTANBUL 2024<\/h5>\n\n\n\n<p><strong>When: from May 23rd to May 26th, 2024<br>Where: B\u00dcY\u00dcK\u00c7EKMECE &#8211; TUYAP FUAR VE KONGRE MERKEZI, ISTANBUL, TURCHIA<br>Booth: HALL 7 &#8211; STAND A107<\/strong><\/p>\n\n\n\n<p>Explore the latest innovations in the automotive industry at Automechanika Istanbul 2024! Find us at booth A107, HALL 7.<\/p>\n<\/div>\n<\/div>\n\n\n\n<div class=\"wp-block-columns are-vertically-aligned-center is-layout-flex wp-container-core-columns-is-layout-9d6595d7 wp-block-columns-is-layout-flex\">\n<div class=\"wp-block-column is-vertically-aligned-center is-layout-flow wp-block-column-is-layout-flow\">\n<figure class=\"wp-block-image size-full\"><img loading=\"lazy\" decoding=\"async\" width=\"1024\" height=\"827\" src=\"https:\/\/www.freccia.com\/wp-content\/uploads\/sites\/63\/2023\/08\/lasvegas-2023.png\" alt=\"\" class=\"wp-image-1864\" srcset=\"https:\/\/www.freccia.com\/wp-content\/uploads\/sites\/63\/2023\/08\/lasvegas-2023.png 1024w, https:\/\/www.freccia.com\/wp-content\/uploads\/sites\/63\/2023\/08\/lasvegas-2023-600x485.png 600w, https:\/\/www.freccia.com\/wp-content\/uploads\/sites\/63\/2023\/08\/lasvegas-2023-768x620.png 768w\" sizes=\"auto, (max-width: 1024px) 100vw, 1024px\" \/><\/figure>\n<\/div>\n\n\n\n<div class=\"wp-block-column is-vertically-aligned-center is-layout-flow wp-block-column-is-layout-flow\">\n<h5 class=\"wp-block-heading\" style=\"text-transform:uppercase\">AAPEX 2023<\/h5>\n\n\n\n<p><strong>When: October 31st \u2013 November 2nd 2023<br>Where: THE VENETIAN EXPO , LAS VEGAS, NV<br>Stand: A2273<\/strong><\/p>\n\n\n\n<p>The most important event in the American IAM. <br>FRECCIA will be attending with booth n. A2273.<\/p>\n<\/div>\n<\/div>\n\n\n\n<div class=\"wp-block-columns are-vertically-aligned-center is-layout-flex wp-container-core-columns-is-layout-9d6595d7 wp-block-columns-is-layout-flex\">\n<div class=\"wp-block-column is-vertically-aligned-center is-layout-flow wp-block-column-is-layout-flow\">\n<figure class=\"wp-block-image size-full\"><img loading=\"lazy\" decoding=\"async\" width=\"1024\" height=\"827\" src=\"https:\/\/www.freccia.com\/wp-content\/uploads\/sites\/63\/2022\/09\/render-automechanika.jpg\" alt=\"\" class=\"wp-image-1400\" srcset=\"https:\/\/www.freccia.com\/wp-content\/uploads\/sites\/63\/2022\/09\/render-automechanika.jpg 1024w, https:\/\/www.freccia.com\/wp-content\/uploads\/sites\/63\/2022\/09\/render-automechanika-600x485.jpg 600w, https:\/\/www.freccia.com\/wp-content\/uploads\/sites\/63\/2022\/09\/render-automechanika-768x620.jpg 768w\" sizes=\"auto, (max-width: 1024px) 100vw, 1024px\" \/><\/figure>\n<\/div>\n\n\n\n<div class=\"wp-block-column is-vertically-aligned-center is-layout-flow wp-block-column-is-layout-flow\">\n<h5 class=\"wp-block-heading\" style=\"text-transform:uppercase\">Automechanika Frankfurt 2022<\/h5>\n\n\n\n<p><strong>When: September 13th \u2013 17th 2022<br>Where: Messe Frankfurt Ludwig-Erhard-Anlage 1,<br>60327 Frankfurt am Main, Germania<br>Hall: 3.1 booth: D20<\/strong><\/p>\n\n\n\n<p>Four years after the last in person edition, the most important event of the European IAM back. <\/p>\n<\/div>\n<\/div>\n\n\n\n<div class=\"wp-block-columns are-vertically-aligned-center is-layout-flex wp-container-core-columns-is-layout-9d6595d7 wp-block-columns-is-layout-flex\">\n<div class=\"wp-block-column is-vertically-aligned-center is-layout-flow wp-block-column-is-layout-flow\">\n<figure class=\"wp-block-image size-full\"><img loading=\"lazy\" decoding=\"async\" width=\"1024\" height=\"827\" src=\"https:\/\/www.freccia.com\/wp-content\/uploads\/sites\/63\/2022\/09\/render.jpg\" alt=\"\" class=\"wp-image-1402\" srcset=\"https:\/\/www.freccia.com\/wp-content\/uploads\/sites\/63\/2022\/09\/render.jpg 1024w, https:\/\/www.freccia.com\/wp-content\/uploads\/sites\/63\/2022\/09\/render-600x485.jpg 600w, https:\/\/www.freccia.com\/wp-content\/uploads\/sites\/63\/2022\/09\/render-768x620.jpg 768w\" sizes=\"auto, (max-width: 1024px) 100vw, 1024px\" \/><\/figure>\n<\/div>\n\n\n\n<div class=\"wp-block-column is-vertically-aligned-center is-layout-flow wp-block-column-is-layout-flow\">\n<h5 class=\"wp-block-heading\" style=\"text-transform:uppercase\">Autopromotec 2022<\/h5>\n\n\n\n<p><strong>When: may 25th \u2013 28th 2022<br>Where: BolognaFiere &#8211; Viale della Fiera, 20, 40128<br>Bologna BO<\/strong><\/p>\n\n\n\n<p>For the first time in history our company has attended Autopromotec. A great moment to connect with many customers and end user of FRECCIA products.<\/p>\n<\/div>\n<\/div>\n\n\n\n<div style=\"height:100px\" aria-hidden=\"true\" class=\"wp-block-spacer\"><\/div>\n","protected":false},"excerpt":{"rendered":"<p>FRECCIA travels all around the world presenting its products and services during best trade fairs of the industry.These are the next appointments for meeting with our representatives. Upcoming Events AUTOMECHANIKA ISTANBUL 2026 When: May 19-22 2026Where: B\u00dcY\u00dcK\u00c7EKMECE \u2013 TUYAP FUAR VE KONGRE MERKEZI, ISTANBUL, TURKEYHall: HALL 7 \u2013 STAND A109 The leading automotive aftermarket event [&hellip;]<\/p>\n","protected":false},"author":11,"featured_media":0,"parent":0,"menu_order":0,"comment_status":"closed","ping_status":"closed","template":"","meta":{"_acf_changed":false,"footnotes":""},"class_list":["post-1320","page","type-page","status-publish","hentry"],"acf":[],"yoast_head":"<!-- This site is optimized with the Yoast SEO plugin v27.1.1 - https:\/\/yoast.com\/product\/yoast-seo-wordpress\/ -->\n<title>Events - Freccia International<\/title>\n<meta name=\"robots\" content=\"index, follow, max-snippet:-1, max-image-preview:large, max-video-preview:-1\" \/>\n<link rel=\"canonical\" href=\"https:\/\/www.freccia.com\/en\/events\/\" \/>\n<meta property=\"og:locale\" content=\"en_US\" \/>\n<meta property=\"og:type\" content=\"article\" \/>\n<meta property=\"og:title\" content=\"Events - Freccia International\" \/>\n<meta property=\"og:description\" content=\"FRECCIA travels all around the world presenting its products and services during best trade fairs of the industry.These are the next appointments for meeting with our representatives. Upcoming Events AUTOMECHANIKA ISTANBUL 2026 When: May 19-22 2026Where: B\u00dcY\u00dcK\u00c7EKMECE \u2013 TUYAP FUAR VE KONGRE MERKEZI, ISTANBUL, TURKEYHall: HALL 7 \u2013 STAND A109 The leading automotive aftermarket event [&hellip;]\" \/>\n<meta property=\"og:url\" content=\"https:\/\/www.freccia.com\/en\/events\/\" \/>\n<meta property=\"og:site_name\" content=\"Freccia International\" \/>\n<meta property=\"article:modified_time\" content=\"2026-03-06T18:05:38+00:00\" \/>\n<meta property=\"og:image\" content=\"https:\/\/www.freccia.com\/wp-content\/uploads\/sites\/63\/2022\/08\/bg-prodotti.png\" \/>\n\t<meta property=\"og:image:width\" content=\"1024\" \/>\n\t<meta property=\"og:image:height\" content=\"600\" \/>\n\t<meta property=\"og:image:type\" content=\"image\/png\" \/>\n<meta name=\"twitter:card\" content=\"summary_large_image\" \/>\n<meta name=\"twitter:label1\" content=\"Est. reading time\" \/>\n\t<meta name=\"twitter:data1\" content=\"4 minutes\" \/>\n<script type=\"application\/ld+json\" class=\"yoast-schema-graph\">{\"@context\":\"https:\/\/schema.org\",\"@graph\":[{\"@type\":\"WebPage\",\"@id\":\"https:\/\/www.freccia.com\/en\/events\/\",\"url\":\"https:\/\/www.freccia.com\/en\/events\/\",\"name\":\"Events - Freccia International\",\"isPartOf\":{\"@id\":\"https:\/\/www.freccia.com\/en\/#website\"},\"primaryImageOfPage\":{\"@id\":\"https:\/\/www.freccia.com\/en\/events\/#primaryimage\"},\"image\":{\"@id\":\"https:\/\/www.freccia.com\/en\/events\/#primaryimage\"},\"thumbnailUrl\":\"https:\/\/www.freccia.com\/wp-content\/uploads\/sites\/63\/2022\/08\/bg-prodotti.png\",\"datePublished\":\"2022-09-06T12:41:13+00:00\",\"dateModified\":\"2026-03-06T18:05:38+00:00\",\"breadcrumb\":{\"@id\":\"https:\/\/www.freccia.com\/en\/events\/#breadcrumb\"},\"inLanguage\":\"en-US\",\"potentialAction\":[{\"@type\":\"ReadAction\",\"target\":[\"https:\/\/www.freccia.com\/en\/events\/\"]}]},{\"@type\":\"ImageObject\",\"inLanguage\":\"en-US\",\"@id\":\"https:\/\/www.freccia.com\/en\/events\/#primaryimage\",\"url\":\"https:\/\/www.freccia.com\/wp-content\/uploads\/sites\/63\/2022\/08\/bg-prodotti.png\",\"contentUrl\":\"https:\/\/www.freccia.com\/wp-content\/uploads\/sites\/63\/2022\/08\/bg-prodotti.png\"},{\"@type\":\"BreadcrumbList\",\"@id\":\"https:\/\/www.freccia.com\/en\/events\/#breadcrumb\",\"itemListElement\":[{\"@type\":\"ListItem\",\"position\":1,\"name\":\"Home\",\"item\":\"https:\/\/www.freccia.com\/en\/\"},{\"@type\":\"ListItem\",\"position\":2,\"name\":\"Events\"}]},{\"@type\":\"WebSite\",\"@id\":\"https:\/\/www.freccia.com\/en\/#website\",\"url\":\"https:\/\/www.freccia.com\/en\/\",\"name\":\"Freccia International\",\"description\":\"\",\"publisher\":{\"@id\":\"https:\/\/www.freccia.com\/en\/#organization\"},\"potentialAction\":[{\"@type\":\"SearchAction\",\"target\":{\"@type\":\"EntryPoint\",\"urlTemplate\":\"https:\/\/www.freccia.com\/en\/?s={search_term_string}\"},\"query-input\":{\"@type\":\"PropertyValueSpecification\",\"valueRequired\":true,\"valueName\":\"search_term_string\"}}],\"inLanguage\":\"en-US\"},{\"@type\":\"Organization\",\"@id\":\"https:\/\/www.freccia.com\/en\/#organization\",\"name\":\"Freccia International\",\"url\":\"https:\/\/www.freccia.com\/en\/\",\"logo\":{\"@type\":\"ImageObject\",\"inLanguage\":\"en-US\",\"@id\":\"https:\/\/www.freccia.com\/en\/#\/schema\/logo\/image\/\",\"url\":\"https:\/\/www.freccia.com\/wp-content\/uploads\/sites\/63\/2022\/08\/cropped-logo-1.png\",\"contentUrl\":\"https:\/\/www.freccia.com\/wp-content\/uploads\/sites\/63\/2022\/08\/cropped-logo-1.png\",\"width\":1396,\"height\":530,\"caption\":\"Freccia International\"},\"image\":{\"@id\":\"https:\/\/www.freccia.com\/en\/#\/schema\/logo\/image\/\"}}]}<\/script>\n<!-- \/ Yoast SEO plugin. -->","yoast_head_json":{"title":"Events - Freccia International","robots":{"index":"index","follow":"follow","max-snippet":"max-snippet:-1","max-image-preview":"max-image-preview:large","max-video-preview":"max-video-preview:-1"},"canonical":"https:\/\/www.freccia.com\/en\/events\/","og_locale":"en_US","og_type":"article","og_title":"Events - Freccia International","og_description":"FRECCIA travels all around the world presenting its products and services during best trade fairs of the industry.These are the next appointments for meeting with our representatives. Upcoming Events AUTOMECHANIKA ISTANBUL 2026 When: May 19-22 2026Where: B\u00dcY\u00dcK\u00c7EKMECE \u2013 TUYAP FUAR VE KONGRE MERKEZI, ISTANBUL, TURKEYHall: HALL 7 \u2013 STAND A109 The leading automotive aftermarket event [&hellip;]","og_url":"https:\/\/www.freccia.com\/en\/events\/","og_site_name":"Freccia International","article_modified_time":"2026-03-06T18:05:38+00:00","og_image":[{"width":1024,"height":600,"url":"https:\/\/www.freccia.com\/wp-content\/uploads\/sites\/63\/2022\/08\/bg-prodotti.png","type":"image\/png"}],"twitter_card":"summary_large_image","twitter_misc":{"Est. reading time":"4 minutes"},"schema":{"@context":"https:\/\/schema.org","@graph":[{"@type":"WebPage","@id":"https:\/\/www.freccia.com\/en\/events\/","url":"https:\/\/www.freccia.com\/en\/events\/","name":"Events - Freccia International","isPartOf":{"@id":"https:\/\/www.freccia.com\/en\/#website"},"primaryImageOfPage":{"@id":"https:\/\/www.freccia.com\/en\/events\/#primaryimage"},"image":{"@id":"https:\/\/www.freccia.com\/en\/events\/#primaryimage"},"thumbnailUrl":"https:\/\/www.freccia.com\/wp-content\/uploads\/sites\/63\/2022\/08\/bg-prodotti.png","datePublished":"2022-09-06T12:41:13+00:00","dateModified":"2026-03-06T18:05:38+00:00","breadcrumb":{"@id":"https:\/\/www.freccia.com\/en\/events\/#breadcrumb"},"inLanguage":"en-US","potentialAction":[{"@type":"ReadAction","target":["https:\/\/www.freccia.com\/en\/events\/"]}]},{"@type":"ImageObject","inLanguage":"en-US","@id":"https:\/\/www.freccia.com\/en\/events\/#primaryimage","url":"https:\/\/www.freccia.com\/wp-content\/uploads\/sites\/63\/2022\/08\/bg-prodotti.png","contentUrl":"https:\/\/www.freccia.com\/wp-content\/uploads\/sites\/63\/2022\/08\/bg-prodotti.png"},{"@type":"BreadcrumbList","@id":"https:\/\/www.freccia.com\/en\/events\/#breadcrumb","itemListElement":[{"@type":"ListItem","position":1,"name":"Home","item":"https:\/\/www.freccia.com\/en\/"},{"@type":"ListItem","position":2,"name":"Events"}]},{"@type":"WebSite","@id":"https:\/\/www.freccia.com\/en\/#website","url":"https:\/\/www.freccia.com\/en\/","name":"Freccia International","description":"","publisher":{"@id":"https:\/\/www.freccia.com\/en\/#organization"},"potentialAction":[{"@type":"SearchAction","target":{"@type":"EntryPoint","urlTemplate":"https:\/\/www.freccia.com\/en\/?s={search_term_string}"},"query-input":{"@type":"PropertyValueSpecification","valueRequired":true,"valueName":"search_term_string"}}],"inLanguage":"en-US"},{"@type":"Organization","@id":"https:\/\/www.freccia.com\/en\/#organization","name":"Freccia International","url":"https:\/\/www.freccia.com\/en\/","logo":{"@type":"ImageObject","inLanguage":"en-US","@id":"https:\/\/www.freccia.com\/en\/#\/schema\/logo\/image\/","url":"https:\/\/www.freccia.com\/wp-content\/uploads\/sites\/63\/2022\/08\/cropped-logo-1.png","contentUrl":"https:\/\/www.freccia.com\/wp-content\/uploads\/sites\/63\/2022\/08\/cropped-logo-1.png","width":1396,"height":530,"caption":"Freccia International"},"image":{"@id":"https:\/\/www.freccia.com\/en\/#\/schema\/logo\/image\/"}}]}},"_links":{"self":[{"href":"https:\/\/www.freccia.com\/en\/wp-json\/wp\/v2\/pages\/1320","targetHints":{"allow":["GET"]}}],"collection":[{"href":"https:\/\/www.freccia.com\/en\/wp-json\/wp\/v2\/pages"}],"about":[{"href":"https:\/\/www.freccia.com\/en\/wp-json\/wp\/v2\/types\/page"}],"author":[{"embeddable":true,"href":"https:\/\/www.freccia.com\/en\/wp-json\/wp\/v2\/users\/11"}],"replies":[{"embeddable":true,"href":"https:\/\/www.freccia.com\/en\/wp-json\/wp\/v2\/comments?post=1320"}],"version-history":[{"count":5,"href":"https:\/\/www.freccia.com\/en\/wp-json\/wp\/v2\/pages\/1320\/revisions"}],"predecessor-version":[{"id":2500,"href":"https:\/\/www.freccia.com\/en\/wp-json\/wp\/v2\/pages\/1320\/revisions\/2500"}],"wp:attachment":[{"href":"https:\/\/www.freccia.com\/en\/wp-json\/wp\/v2\/media?parent=1320"}],"curies":[{"name":"wp","href":"https:\/\/api.w.org\/{rel}","templated":true}]}}